{"id":9,"date":"2025-05-05T14:07:48","date_gmt":"2025-05-05T14:07:48","guid":{"rendered":"https:\/\/dezvoltaredurabila.granturi.ubbcluj.ro\/?page_id=9"},"modified":"2026-01-23T16:37:19","modified_gmt":"2026-01-23T16:37:19","slug":"facultatea-de-biologie-si-geologie","status":"publish","type":"page","link":"https:\/\/dezvoltaredurabila.granturi.ubbcluj.ro\/?page_id=9","title":{"rendered":"Facultatea de Biologie \u0219i Geologie + Facultatea de \u0218tiin\u021be Medicale \u0219i ale S\u0103n\u0103t\u0103\u021bii"},"content":{"rendered":"\n<p class=\"has-text-align-center\"><strong>Rezultate selec\u021bie 2025\/2026 dup\u0103 contesta\u021bii<\/strong><\/p>\n\n\n\n<div data-wp-interactive=\"core\/file\" class=\"wp-block-file\"><object data-wp-bind--hidden=\"!state.hasPdfPreview\" hidden class=\"wp-block-file__embed\" data=\"https:\/\/dezvoltaredurabila.granturi.ubbcluj.ro\/wp-content\/uploads\/2026\/01\/2026_01.22_Rezultate-admitere_LICENTA_dupa-Contestatii_nr-matricol_fara-semnaturi.pdf\" type=\"application\/pdf\" style=\"width:100%;height:600px\" aria-label=\"Embed of 2026_01.22_Rezultate admitere_LICEN\u021a\u0102_dupa Contestatii_nr matricol_fara semnaturi.\"><\/object><a id=\"wp-block-file--media-289d51d1-f8d1-40ef-afe1-ff8afc482f74\" href=\"https:\/\/dezvoltaredurabila.granturi.ubbcluj.ro\/wp-content\/uploads\/2026\/01\/2026_01.22_Rezultate-admitere_LICENTA_dupa-Contestatii_nr-matricol_fara-semnaturi.pdf\">2026_01.22_Rezultate admitere_LICEN\u021a\u0102_dupa Contestatii_nr matricol_fara semnaturi<\/a><a href=\"https:\/\/dezvoltaredurabila.granturi.ubbcluj.ro\/wp-content\/uploads\/2026\/01\/2026_01.22_Rezultate-admitere_LICENTA_dupa-Contestatii_nr-matricol_fara-semnaturi.pdf\" class=\"wp-block-file__button wp-element-button\" download aria-describedby=\"wp-block-file--media-289d51d1-f8d1-40ef-afe1-ff8afc482f74\">Download<\/a><\/div>\n\n\n\n<div data-wp-interactive=\"core\/file\" class=\"wp-block-file\"><object data-wp-bind--hidden=\"!state.hasPdfPreview\" hidden class=\"wp-block-file__embed\" data=\"https:\/\/dezvoltaredurabila.granturi.ubbcluj.ro\/wp-content\/uploads\/2026\/01\/2026_01.22_Rezultate-admitere_MASTER_dupa-Contestatii_nr-matricol_fara-semnaturi.pdf\" type=\"application\/pdf\" style=\"width:100%;height:600px\" aria-label=\"Embed of 2026_01.22_Rezultate admitere_MASTER_dupa Contestatii_nr matricol_fara semnaturi.\"><\/object><a id=\"wp-block-file--media-deca9dd8-fee9-42f6-b76f-960e9db4e9f6\" href=\"https:\/\/dezvoltaredurabila.granturi.ubbcluj.ro\/wp-content\/uploads\/2026\/01\/2026_01.22_Rezultate-admitere_MASTER_dupa-Contestatii_nr-matricol_fara-semnaturi.pdf\">2026_01.22_Rezultate admitere_MASTER_dupa Contestatii_nr matricol_fara semnaturi<\/a><a href=\"https:\/\/dezvoltaredurabila.granturi.ubbcluj.ro\/wp-content\/uploads\/2026\/01\/2026_01.22_Rezultate-admitere_MASTER_dupa-Contestatii_nr-matricol_fara-semnaturi.pdf\" class=\"wp-block-file__button wp-element-button\" download aria-describedby=\"wp-block-file--media-deca9dd8-fee9-42f6-b76f-960e9db4e9f6\">Download<\/a><\/div>\n\n\n\n<p class=\"has-text-align-center\"><strong>Rezultate selec\u021bie an universitar 2025\/ 2026<\/strong><\/p>\n\n\n\n<p>Contesta\u021biile se pot depune \u00een 24 de ore de la afi\u0219area rezultatelor, respectiv p\u00e2n\u0103 \u00een data de 21.01.2026, ora 18:00, la adresa bioge@ubbcluj.ro.<\/p>\n\n\n\n<div data-wp-interactive=\"core\/file\" class=\"wp-block-file\"><object data-wp-bind--hidden=\"!state.hasPdfPreview\" hidden class=\"wp-block-file__embed\" data=\"https:\/\/dezvoltaredurabila.granturi.ubbcluj.ro\/wp-content\/uploads\/2026\/01\/2026_01.20_Rezultate-admitere_LICENTA_nr-matricol_nesemnate.pdf\" type=\"application\/pdf\" style=\"width:100%;height:600px\" aria-label=\"Embed of 2026_01.20_Rezultate admitere_LICEN\u021a\u0102_nr matricol_nesemnate.\"><\/object><a id=\"wp-block-file--media-c841d0a9-5dba-42e8-bc35-70b78ff088a2\" href=\"https:\/\/dezvoltaredurabila.granturi.ubbcluj.ro\/wp-content\/uploads\/2026\/01\/2026_01.20_Rezultate-admitere_LICENTA_nr-matricol_nesemnate.pdf\">2026_01.20_Rezultate admitere_LICEN\u021a\u0102_nr matricol_nesemnate<\/a><a href=\"https:\/\/dezvoltaredurabila.granturi.ubbcluj.ro\/wp-content\/uploads\/2026\/01\/2026_01.20_Rezultate-admitere_LICENTA_nr-matricol_nesemnate.pdf\" class=\"wp-block-file__button wp-element-button\" download aria-describedby=\"wp-block-file--media-c841d0a9-5dba-42e8-bc35-70b78ff088a2\">Download<\/a><\/div>\n\n\n\n<div data-wp-interactive=\"core\/file\" class=\"wp-block-file\"><object data-wp-bind--hidden=\"!state.hasPdfPreview\" hidden class=\"wp-block-file__embed\" data=\"https:\/\/dezvoltaredurabila.granturi.ubbcluj.ro\/wp-content\/uploads\/2026\/01\/2026_01.20_Rezultate-admitere_MASTER_nr-matricol_nesemnata.pdf\" type=\"application\/pdf\" style=\"width:100%;height:600px\" aria-label=\"Embed of 2026_01.20_Rezultate admitere_MASTER_nr matricol_nesemnata.\"><\/object><a id=\"wp-block-file--media-59f94f49-69e3-4768-91b7-b49c40204e07\" href=\"https:\/\/dezvoltaredurabila.granturi.ubbcluj.ro\/wp-content\/uploads\/2026\/01\/2026_01.20_Rezultate-admitere_MASTER_nr-matricol_nesemnata.pdf\">2026_01.20_Rezultate admitere_MASTER_nr matricol_nesemnata<\/a><a href=\"https:\/\/dezvoltaredurabila.granturi.ubbcluj.ro\/wp-content\/uploads\/2026\/01\/2026_01.20_Rezultate-admitere_MASTER_nr-matricol_nesemnata.pdf\" class=\"wp-block-file__button wp-element-button\" download aria-describedby=\"wp-block-file--media-59f94f49-69e3-4768-91b7-b49c40204e07\">Download<\/a><\/div>\n\n\n\n<hr class=\"wp-block-separator has-alpha-channel-opacity\"\/>\n\n\n\n<p>\ud83d\udd39 <strong>Cine se poate \u00eenscrie<\/strong><br>Studen\u021bi de la programe de <strong>licen\u021b\u0103 anul II, III \u0219i master I \u0219i master II<\/strong>, \u00een limita locurilor disponibile (cu posibilitate de suplimentare).<\/p>\n\n\n\n<p>\ud83d\udd39 <strong>Documente necesare pentru \u00eenscriere \u2013 etapa I<\/strong><\/p>\n\n\n\n<ol start=\"1\" style=\"list-style-type:1\" class=\"wp-block-list\">\n<li>Cerere de \u00eenscriere (Anexa 1)<\/li>\n\n\n\n<li>Carte de identitate (pdf\/jpg)<\/li>\n\n\n\n<li>CV Europass (\u00een limba rom\u00e2n\u0103)<\/li>\n<\/ol>\n\n\n\n<p>Documentele se completeaz\u0103 <strong>exclusiv \u00een limba rom\u00e2n\u0103<\/strong>, indiferent de limba de studiu.<\/p>\n\n\n\n<p>\ud83d\udd39 <strong>Cum te \u00eenscrii<\/strong><br>\u2013 Descarc\u0103 \u0219i completeaz\u0103 Anexa 1 (gasiti in shared)<br>\u2013 Preg\u0103te\u0219te CV-ul \u0219i copia CI<br>\u2013 \u00cencarc\u0103 documentele prin formularul online (este necesar\u0103 logarea cu adresa institu\u021bional\u0103 UBB):<br>\ud83d\udc49 <a href=\"https:\/\/forms.office.com\/e\/Gz9HhpP4yg?origin=lprLink\">https:\/\/forms.office.com\/e\/Gz9HhpP4yg?origin=lprLink<\/a><\/p>\n\n\n\n<p>Documentele se vor depune \u0219i fizic la secretariat la dna Andreea Oachi\u0219<\/p>\n\n\n\n<p>\ud83d\udd39 <strong>Selec\u021bia candida\u021bilor<\/strong> se face pe baza unor criterii precum media, num\u0103rul de credite, implicarea \u00een activit\u0103\u021bi extracurriculare \u0219i contribu\u021bia la indicatorii proiectului.<\/p>\n\n\n\n<p>\ud83d\udd39 <strong>Loca\u021bii de practic\u0103<\/strong><br>Stagiile se desf\u0103\u0219oar\u0103 \u00een institu\u021bii \u0219i companii din domeniul biologiei, biotehnologiei, biochimiei, mediului \u0219i s\u0103n\u0103t\u0103\u021bii, cu loca\u021bii disponibile pentru anul 2025 \u0219i posibil \u0219i pentru 2026.<\/p>\n\n\n\n<p>\ud83d\udcc5 Calendarul detaliat, comisiile de selec\u021bie \u0219i etapele ulterioare sunt prezentate \u00een documenta\u021bia proiectului:<\/p>\n\n\n\n<div data-wp-interactive=\"core\/file\" class=\"wp-block-file\"><object data-wp-bind--hidden=\"!state.hasPdfPreview\" hidden class=\"wp-block-file__embed\" data=\"https:\/\/dezvoltaredurabila.granturi.ubbcluj.ro\/wp-content\/uploads\/2025\/12\/Prezentare-PEO-311826_Bioge-studenti_Experti.pdf\" type=\"application\/pdf\" style=\"width:100%;height:600px\" aria-label=\"Embed of Prezentare-PEO-311826_Bioge-studenti_Experti.\"><\/object><a id=\"wp-block-file--media-9dbd6c6d-229f-4a3d-a116-1159ece097df\" href=\"https:\/\/dezvoltaredurabila.granturi.ubbcluj.ro\/wp-content\/uploads\/2025\/12\/Prezentare-PEO-311826_Bioge-studenti_Experti.pdf\">Prezentare-PEO-311826_Bioge-studenti_Experti<\/a><a href=\"https:\/\/dezvoltaredurabila.granturi.ubbcluj.ro\/wp-content\/uploads\/2025\/12\/Prezentare-PEO-311826_Bioge-studenti_Experti.pdf\" class=\"wp-block-file__button wp-element-button\" download aria-describedby=\"wp-block-file--media-9dbd6c6d-229f-4a3d-a116-1159ece097df\">Download<\/a><\/div>\n\n\n\n<div class=\"wp-block-file\"><a id=\"wp-block-file--media-d3465399-1dba-40a3-9adb-7713b204c2df\" href=\"https:\/\/dezvoltaredurabila.granturi.ubbcluj.ro\/wp-content\/uploads\/2025\/12\/Anexa_1_inscrieri_Green-Seed-FBG.docx\">Anexa_1_inscrieri_Green Seed-FBG<\/a><a href=\"https:\/\/dezvoltaredurabila.granturi.ubbcluj.ro\/wp-content\/uploads\/2025\/12\/Anexa_1_inscrieri_Green-Seed-FBG.docx\" class=\"wp-block-file__button wp-element-button\" download aria-describedby=\"wp-block-file--media-d3465399-1dba-40a3-9adb-7713b204c2df\">Download<\/a><\/div>\n\n\n\n<div class=\"wp-block-file\"><a id=\"wp-block-file--media-6594e091-8238-42bd-af24-944c35f60d40\" href=\"https:\/\/dezvoltaredurabila.granturi.ubbcluj.ro\/wp-content\/uploads\/2025\/12\/Anexa_1_inscrieri_Green-Seed-FSMS.docx\">Anexa_1_inscrieri_Green Seed-FSMS<\/a><a href=\"https:\/\/dezvoltaredurabila.granturi.ubbcluj.ro\/wp-content\/uploads\/2025\/12\/Anexa_1_inscrieri_Green-Seed-FSMS.docx\" class=\"wp-block-file__button wp-element-button\" download aria-describedby=\"wp-block-file--media-6594e091-8238-42bd-af24-944c35f60d40\">Download<\/a><\/div>\n","protected":false},"excerpt":{"rendered":"<p>Rezultate selec\u021bie 2025\/2026 dup\u0103 contesta\u021bii Rezultate selec\u021bie an universitar 2025\/ 2026 Contesta\u021biile se pot depune \u00een 24 de ore de la afi\u0219area rezultatelor, respectiv p\u00e2n\u0103 \u00een data de 21.01.2026, ora 18:00, la adresa bioge@ubbcluj.ro. \ud83d\udd39 Cine se poate \u00eenscrieStuden\u021bi de la programe de licen\u021b\u0103 anul II, III \u0219i master I \u0219i master II, \u00een limita&#8230;<\/p>\n<p class=\"more-link-wrap\"><a href=\"https:\/\/dezvoltaredurabila.granturi.ubbcluj.ro\/?page_id=9\" class=\"more-link\">Read More<span class=\"screen-reader-text\"> &ldquo;Facultatea de Biologie \u0219i Geologie + Facultatea de \u0218tiin\u021be Medicale \u0219i ale S\u0103n\u0103t\u0103\u021bii&rdquo;<\/span> &raquo;<\/a><\/p>\n","protected":false},"author":1,"featured_media":0,"parent":0,"menu_order":0,"comment_status":"closed","ping_status":"closed","template":"","meta":{"_themeisle_gutenberg_block_has_review":false,"footnotes":""},"class_list":["post-9","page","type-page","status-publish","hentry"],"_links":{"self":[{"href":"https:\/\/dezvoltaredurabila.granturi.ubbcluj.ro\/index.php?rest_route=\/wp\/v2\/pages\/9","targetHints":{"allow":["GET"]}}],"collection":[{"href":"https:\/\/dezvoltaredurabila.granturi.ubbcluj.ro\/index.php?rest_route=\/wp\/v2\/pages"}],"about":[{"href":"https:\/\/dezvoltaredurabila.granturi.ubbcluj.ro\/index.php?rest_route=\/wp\/v2\/types\/page"}],"author":[{"embeddable":true,"href":"https:\/\/dezvoltaredurabila.granturi.ubbcluj.ro\/index.php?rest_route=\/wp\/v2\/users\/1"}],"replies":[{"embeddable":true,"href":"https:\/\/dezvoltaredurabila.granturi.ubbcluj.ro\/index.php?rest_route=%2Fwp%2Fv2%2Fcomments&post=9"}],"version-history":[{"count":6,"href":"https:\/\/dezvoltaredurabila.granturi.ubbcluj.ro\/index.php?rest_route=\/wp\/v2\/pages\/9\/revisions"}],"predecessor-version":[{"id":200,"href":"https:\/\/dezvoltaredurabila.granturi.ubbcluj.ro\/index.php?rest_route=\/wp\/v2\/pages\/9\/revisions\/200"}],"wp:attachment":[{"href":"https:\/\/dezvoltaredurabila.granturi.ubbcluj.ro\/index.php?rest_route=%2Fwp%2Fv2%2Fmedia&parent=9"}],"curies":[{"name":"wp","href":"https:\/\/api.w.org\/{rel}","templated":true}]}}