{"id":158,"date":"2025-09-28T17:54:08","date_gmt":"2025-09-28T17:54:08","guid":{"rendered":"https:\/\/dezvoltaredurabila.granturi.ubbcluj.ro\/?page_id=158"},"modified":"2025-09-28T17:55:50","modified_gmt":"2025-09-28T17:55:50","slug":"geografie-competitie-profesionala-premiere","status":"publish","type":"page","link":"https:\/\/dezvoltaredurabila.granturi.ubbcluj.ro\/?page_id=158","title":{"rendered":"Geografie &#8211; Competi\u021bie profesional\u0103 (premiere)"},"content":{"rendered":"\n<p>Facultatea de Geografie anun\u021b\u0103 calendarul activit\u0103\u021bilor de premiere a studen\u021bilor din grupul \u021bint\u0103 al proiectului <strong>GreenSeed: Practic\u0103 studen\u021beasc\u0103 pentru o economie verde<\/strong>.<\/p>\n\n\n\n<p>Calendarul stabilit este urm\u0103torul:<\/p>\n\n\n\n<ul class=\"wp-block-list\">\n<li><strong>29.09.2025 \u2013 12.10.2025<\/strong>: \u00censcrierea candida\u021bilor<\/li>\n\n\n\n<li><strong>15.09.2025<\/strong>: Verificarea dosarelor depuse<\/li>\n\n\n\n<li><strong>16.10.2025 \u2013 19.10.2025<\/strong>: Sus\u021binerea\/prezentarea proiectelor de practic\u0103<\/li>\n\n\n\n<li><strong>22.10.2025<\/strong>: Afi\u0219area rezultatelor preliminare<\/li>\n\n\n\n<li><strong>23.10.2025<\/strong>: Depunerea contesta\u021biilor<\/li>\n\n\n\n<li><strong>24.10.2025<\/strong>: Solu\u021bionarea contesta\u021biilor \u0219i afi\u0219area rezultatelor finale<\/li>\n<\/ul>\n\n\n\n<p>Studen\u021bii sunt ruga\u021bi s\u0103 respecte termenele stabilite \u0219i s\u0103 se preg\u0103teasc\u0103 pentru etapele de evaluare.<\/p>\n\n\n\n<p>Coordonator practic\u0103:<br>Conf. univ. dr. Man Titus-Cristian<\/p>\n\n\n\n<p>Exper\u021bi practic\u0103:<br>Conf. univ. dr. Alexe Mircea<br>Conf. univ. dr. T\u00f6r\u00f6k Ibolya<\/p>\n","protected":false},"excerpt":{"rendered":"<p>Facultatea de Geografie anun\u021b\u0103 calendarul activit\u0103\u021bilor de premiere a studen\u021bilor din grupul \u021bint\u0103 al proiectului GreenSeed: Practic\u0103 studen\u021beasc\u0103 pentru o economie verde. Calendarul stabilit este urm\u0103torul: Studen\u021bii sunt ruga\u021bi s\u0103 respecte termenele stabilite \u0219i s\u0103 se preg\u0103teasc\u0103 pentru etapele de evaluare. Coordonator practic\u0103:Conf. univ. dr. Man Titus-Cristian Exper\u021bi practic\u0103:Conf. univ. dr. Alexe MirceaConf. univ. dr&#8230;.<\/p>\n<p class=\"more-link-wrap\"><a href=\"https:\/\/dezvoltaredurabila.granturi.ubbcluj.ro\/?page_id=158\" class=\"more-link\">Read More<span class=\"screen-reader-text\"> &ldquo;Geografie &#8211; Competi\u021bie profesional\u0103 (premiere)&rdquo;<\/span> &raquo;<\/a><\/p>\n","protected":false},"author":1,"featured_media":0,"parent":0,"menu_order":0,"comment_status":"closed","ping_status":"closed","template":"","meta":{"_themeisle_gutenberg_block_has_review":false,"footnotes":""},"class_list":["post-158","page","type-page","status-publish","hentry"],"_links":{"self":[{"href":"https:\/\/dezvoltaredurabila.granturi.ubbcluj.ro\/index.php?rest_route=\/wp\/v2\/pages\/158","targetHints":{"allow":["GET"]}}],"collection":[{"href":"https:\/\/dezvoltaredurabila.granturi.ubbcluj.ro\/index.php?rest_route=\/wp\/v2\/pages"}],"about":[{"href":"https:\/\/dezvoltaredurabila.granturi.ubbcluj.ro\/index.php?rest_route=\/wp\/v2\/types\/page"}],"author":[{"embeddable":true,"href":"https:\/\/dezvoltaredurabila.granturi.ubbcluj.ro\/index.php?rest_route=\/wp\/v2\/users\/1"}],"replies":[{"embeddable":true,"href":"https:\/\/dezvoltaredurabila.granturi.ubbcluj.ro\/index.php?rest_route=%2Fwp%2Fv2%2Fcomments&post=158"}],"version-history":[{"count":2,"href":"https:\/\/dezvoltaredurabila.granturi.ubbcluj.ro\/index.php?rest_route=\/wp\/v2\/pages\/158\/revisions"}],"predecessor-version":[{"id":161,"href":"https:\/\/dezvoltaredurabila.granturi.ubbcluj.ro\/index.php?rest_route=\/wp\/v2\/pages\/158\/revisions\/161"}],"wp:attachment":[{"href":"https:\/\/dezvoltaredurabila.granturi.ubbcluj.ro\/index.php?rest_route=%2Fwp%2Fv2%2Fmedia&parent=158"}],"curies":[{"name":"wp","href":"https:\/\/api.w.org\/{rel}","templated":true}]}}