{"id":156,"date":"2025-09-28T17:53:24","date_gmt":"2025-09-28T17:53:24","guid":{"rendered":"https:\/\/dezvoltaredurabila.granturi.ubbcluj.ro\/?page_id=156"},"modified":"2025-10-07T13:30:44","modified_gmt":"2025-10-07T13:30:44","slug":"fizica-competitie-profesionala-premiere","status":"publish","type":"page","link":"https:\/\/dezvoltaredurabila.granturi.ubbcluj.ro\/?page_id=156","title":{"rendered":"Fizic\u0103 &#8211; Competi\u021bie profesional\u0103 (premiere)"},"content":{"rendered":"\n<p>Dragi studen\u021bi<strong>,<\/strong><\/p>\n\n\n\n<p>V\u0103 a\u0219tept\u0103m s\u0103 participa\u0163i la competi\u021bia de premierea proiectului de practic\u0103, unde pute\u021bi c\u00e2\u0219tiga premii de 2.500 lei (impozabili).<\/p>\n\n\n\n<h1 class=\"wp-block-heading\">Pa\u0219ii de \u00eenscriere:<\/h1>\n\n\n\n<ul class=\"wp-block-list\">\n<li>completarea formulalului on-line<a href=\"https:\/\/eur01.safelinks.protection.outlook.com\/?url=https%3A%2F%2Fforms.cloud.microsoft%2Fe%2FPjz4x4PXK9&amp;amp;data=05%7C02%7Cvasile.chis%40ubbcluj.ro%7Cc24c0acbbb294c80d6b208ddff3a1eeb%7C5a4863ed40c84fd58298fbfdb7f13095%7C0%7C0%7C638947347770009997%7CUnknown%7CTWFpbGZsb3d8eyJFbXB0eU1hcGkiOnRydWUsIlYiOiIwLjAuMDAwMCIsIlAiOiJXaW4zMiIsIkFOIjoiTWFpbCIsIldUIjoyfQ%3D%3D%7C0%7C%7C%7C&amp;amp;sdata=KVBzKfyRBA%2BfjA5nM8iSYkLAKrnllIEnp3Qdk51djj0%3D&amp;amp;reserved=0\"> https:\/\/forms.cloud.microsoft\/e\/Pjz4x4PXK9<\/a><\/li>\n\n\n\n<li>la secretariatul facult\u0103\u021bii, prin depunerea documentelor la Romana Neme\u0219 (<a href=\"mailto:romana.nemes@ubbcluj.ro\">romana.nemes@ubbcluj.ro<\/a>), luni-vineri 8-16<\/li>\n<\/ul>\n\n\n\n<h1 class=\"wp-block-heading\">Calendarul competi\u021biei:<\/h1>\n\n\n\n<ul class=\"wp-block-list\">\n<li>29 septembrie \u2013 6 octombrie \u2013 \u00eenscriere &#8211; orar 8-16<\/li>\n\n\n\n<li>10 octombrie sus\u021binerea prezent\u0103rilor (sala\/ ora TBA)<\/li>\n\n\n\n<li>13 octombrie afi\u0219area rezultatelor<\/li>\n\n\n\n<li>14 octombrie p\u00e2n\u0103 la ora 16.00 depunerea contesta\u021biilor<\/li>\n\n\n\n<li>15 octombrie rezolvarea contesta\u021biilor \u0219i afi\u0219area rezultatelor finale p\u00e2n\u0103 ora 18.00<\/li>\n<\/ul>\n\n\n\n<h1 class=\"wp-block-heading\">\u00censcrierea studen\u021bilor la competi\u021bia profesional\u0103<\/h1>\n\n\n\n<p>Fiecare student din grupul \u021bint\u0103 al proiectului, care a participat \u0219i a finalizat stagiul de practic\u0103 organizat \u00een cadrul proiectului este eligibil s\u0103 se \u00eenscrie la competi\u021bia profesional\u0103 prin depunerea documentelor de mai jos, conform calendarului stabilit de fiecare facultate \u00een parte \u0219i postat pe site-ul proiectului:<\/p>\n\n\n\n<ul class=\"wp-block-list\" type=\"a\">\n<li>Fi\u0219\u0103 de \u00eenscriere (Anexa 1) &#8211; ata\u0219at pdf \u0219i doc<\/li>\n\n\n\n<li><span style=\"font-size: 1.0625rem;\">Rezumatul proiectului de practic\u0103 \u00een limba rom\u00e2n\u0103 maxim 150 cuvinte. Rezumatul proiectului de practic\u0103 va con\u021bine at\u00e2t titlul proiectului, numele \u0219i prenumele studentului, c\u00e2t \u0219i numele \u0219i prenumele coordonatorilor.<\/span><\/li>\n\n\n\n<li>Proiectul de practic\u0103 \u00een form\u0103 complet\u0103\/final\u0103 (minim 3 pagini)<\/li>\n<\/ul>\n\n\n\n<h1 class=\"wp-block-heading\">Proiectul de practic\u0103<\/h1>\n\n\n\n<p>Proiectul va fi elaborat \u00een limba rom\u00e2n\u0103, trebuie sa aib\u0103 <strong>minim 3 pagini <\/strong>\u0219i s\u0103 con\u021bin\u0103, \u00een func\u021bie de specificul fiec\u0103rei specializ\u0103ri, urm\u0103toarele capitole:<\/p>\n\n\n\n<p>1.Introducere \u00een tematica proiectului<\/p>\n\n\n\n<ul class=\"wp-block-list\">\n<li><span style=\"font-size: 1.0625rem;\">Motivarea alegerii subiectului respectiv<\/span><\/li>\n<\/ul>\n\n\n\n<ul class=\"wp-block-list\">\n<li><span style=\"font-size: 1.0625rem;\">Leg\u0103tura subiectului cu specializarea urmat\u0103 de c\u0103tre studentPrezentarea general\u0103 a subiectului<\/span><\/li>\n<\/ul>\n\n\n\n<ul class=\"wp-block-list\">\n<li>Importan\u021ba\/relevan\u021ba subiectului<\/li>\n<\/ul>\n\n\n\n<p>2.Prezentare general\u0103 a partenerului la care studentul a desf\u0103\u0219urat stagiul de practic\u0103<\/p>\n\n\n\n<p>3.Descrierea activit\u0103\u021bii desf\u0103\u0219urate pe durata stagiului de practic\u0103 cu prezentarea \u00een detaliu a unei activit\u0103\u021bi \u00een care studentul a avut cea mai mare implicare \u00een func\u021bie de specificul fiec\u0103rei specializ\u0103ri (spre exemplu: metode, metodologie, procedur\u0103 de lucru, tehnologie, aparat\/echipament, utilaj)<\/p>\n\n\n\n<p>4.Concluzii \u0219i perspective<\/p>\n\n\n\n<p>5.Bibliografie (capitol op\u021bional)<\/p>\n\n\n\n<p>Sus\u021binerea\/prezentarea proiectelor de practic\u0103 de c\u0103tre studen\u021bi va avea loc \u00een cadrul unei <strong>conferin\u021be <\/strong>organizat\u0103 la nivelul facult\u0103\u021bii. Sus\u021binerea\/prezentarea proiectelor de practic\u0103 \u00een cadrul conferin\u021bei se va realiza \u00een limba rom\u00e2n\u0103.<\/p>\n\n\n\n<p>Sus\u021binerea prezent\u0103rii proiectului de practic\u0103 \u00een cadrul conferin\u021bei se va \u00eencadra&nbsp; \u00een <strong>maxim 15 minute <\/strong>\u0219i va fi urmat\u0103 de o sesiune de \u00eentreb\u0103ri, cu durata de circa <strong>5 minute<\/strong>.<\/p>\n\n\n\n<p>Prezentarea proiectului de practic\u0103 \u00een cadrul conferin\u021bei se va realiza fa\u021b\u0103-\u00een-fa\u021b\u0103 sau on-line.<\/p>\n\n\n\n<h1 class=\"wp-block-heading\">Criterii de evaluare \u00een vederea acord\u0103rii de premii<\/h1>\n\n\n\n<p>Proiectul de practic\u0103:<\/p>\n\n\n\n<ul class=\"wp-block-list\">\n<li><span style=\"font-size: 1.0625rem;\">con\u021binutul proiectului de practic\u0103: cu o pondere de <\/span><strong style=\"font-size: 1.0625rem;\">30% <\/strong><span style=\"font-size: 1.0625rem;\">din nota final\u0103<\/span><\/li>\n<\/ul>\n\n\n\n<ul class=\"wp-block-list\">\n<li>prezentarea proiectului de practic\u0103 \u00een cadrul conferin\u021bei organizate\u00a0 \u00een\u00a0 cadrul\u00a0 prezentului\u00a0 proiect:\u00a0\u00a0 cu\u00a0\u00a0 o\u00a0\u00a0 pondere\u00a0 de <strong>40% <\/strong>din nota final\u0103<\/li>\n<\/ul>\n\n\n\n<p>Nota ob\u021binut\u0103 de student la finalul stagiului de practic\u0103: cu o pondere de <strong>30 % <\/strong>din nota final\u0103 (pe baza raportului de evaluare a studentului elaborat de c\u0103tre responsabilul de practic\u0103)<\/p>\n\n\n\n<p>Criteriu de departajare: nota acordat\u0103 con\u021binutului proiectului de practic\u0103.<\/p>\n\n\n\n<p>Termenul de depunere a contesta\u021biilor de c\u0103tre studen\u021bi este de 24 de ore de la publicarea\/postarea listelor, iar termenul de solu\u021bionare a contesta\u021biilor este de 24 de ore de la expirarea termenului de primire a contesta\u021biilor.<\/p>\n\n\n\n<p>\u00cen termen de 10 zile lucr\u0103toare de la expirarea termenului de solu\u021bionare a contesta\u021biilor, studen\u021bii care se reg\u0103sesc pe lista celor premia\u021bi, vor transmite un document emis de banc\u0103 (extras de cont) din care s\u0103 reias\u0103 contul IBAN \u00een care urmeaz\u0103 s\u0103 fie virat premiul. Studentul trebuie s\u0103 fie titularul contului.<\/p>\n","protected":false},"excerpt":{"rendered":"<p>Dragi studen\u021bi, V\u0103 a\u0219tept\u0103m s\u0103 participa\u0163i la competi\u021bia de premierea proiectului de practic\u0103, unde pute\u021bi c\u00e2\u0219tiga premii de 2.500 lei (impozabili). Pa\u0219ii de \u00eenscriere: Calendarul competi\u021biei: \u00censcrierea studen\u021bilor la competi\u021bia profesional\u0103 Fiecare student din grupul \u021bint\u0103 al proiectului, care a participat \u0219i a finalizat stagiul de practic\u0103 organizat \u00een cadrul proiectului este eligibil s\u0103 se&#8230;<\/p>\n<p class=\"more-link-wrap\"><a href=\"https:\/\/dezvoltaredurabila.granturi.ubbcluj.ro\/?page_id=156\" class=\"more-link\">Read More<span class=\"screen-reader-text\"> &ldquo;Fizic\u0103 &#8211; Competi\u021bie profesional\u0103 (premiere)&rdquo;<\/span> &raquo;<\/a><\/p>\n","protected":false},"author":1,"featured_media":0,"parent":0,"menu_order":0,"comment_status":"closed","ping_status":"closed","template":"","meta":{"_themeisle_gutenberg_block_has_review":false,"footnotes":""},"class_list":["post-156","page","type-page","status-publish","hentry"],"_links":{"self":[{"href":"https:\/\/dezvoltaredurabila.granturi.ubbcluj.ro\/index.php?rest_route=\/wp\/v2\/pages\/156","targetHints":{"allow":["GET"]}}],"collection":[{"href":"https:\/\/dezvoltaredurabila.granturi.ubbcluj.ro\/index.php?rest_route=\/wp\/v2\/pages"}],"about":[{"href":"https:\/\/dezvoltaredurabila.granturi.ubbcluj.ro\/index.php?rest_route=\/wp\/v2\/types\/page"}],"author":[{"embeddable":true,"href":"https:\/\/dezvoltaredurabila.granturi.ubbcluj.ro\/index.php?rest_route=\/wp\/v2\/users\/1"}],"replies":[{"embeddable":true,"href":"https:\/\/dezvoltaredurabila.granturi.ubbcluj.ro\/index.php?rest_route=%2Fwp%2Fv2%2Fcomments&post=156"}],"version-history":[{"count":2,"href":"https:\/\/dezvoltaredurabila.granturi.ubbcluj.ro\/index.php?rest_route=\/wp\/v2\/pages\/156\/revisions"}],"predecessor-version":[{"id":168,"href":"https:\/\/dezvoltaredurabila.granturi.ubbcluj.ro\/index.php?rest_route=\/wp\/v2\/pages\/156\/revisions\/168"}],"wp:attachment":[{"href":"https:\/\/dezvoltaredurabila.granturi.ubbcluj.ro\/index.php?rest_route=%2Fwp%2Fv2%2Fmedia&parent=156"}],"curies":[{"name":"wp","href":"https:\/\/api.w.org\/{rel}","templated":true}]}}