{"id":153,"date":"2025-09-28T17:52:11","date_gmt":"2025-09-28T17:52:11","guid":{"rendered":"https:\/\/dezvoltaredurabila.granturi.ubbcluj.ro\/?page_id=153"},"modified":"2025-09-28T17:58:10","modified_gmt":"2025-09-28T17:58:10","slug":"chimie-si-inginerie-chimica-competitie-profesionala-premiere","status":"publish","type":"page","link":"https:\/\/dezvoltaredurabila.granturi.ubbcluj.ro\/?page_id=153","title":{"rendered":"Chimie \u0219i Inginerie chimic\u0103 &#8211; Competi\u021bie profesional\u0103 (premiere)"},"content":{"rendered":"\n<p><strong>Derularea competi\u021biei profesionale<\/strong> <strong>pentru studen\u021bii de la<\/strong> <strong>Facultatea de Chimie \u0219i Inginerie Chimic\u0103 <\/strong><\/p>\n\n\n\n<figure class=\"wp-block-table\"><table><tbody><tr><td>Depunerea documentelor pentru \u00eenscriere la competi\u021bia profesional\u0103<strong>:<\/strong>Electronic (\u00een intervalul mai sus men\u021bionat) la adresa <a href=\"mailto:gabriela.simon@ubbcluj.ro\">gabriela.simon@ubbcluj.ro<\/a>Fizic \u00een sala 127 (conform program\u0103rii f\u0103cute pe email la trimiterea dosarului electronic)<\/td><td><strong>6-17 octombrie 2025<\/strong><\/td><\/tr><tr><td>Sus\u021binerea proiectului (conform program\u0103rii publicate dup\u0103 depunerea tuturor dosarelor de concurs)<\/td><td><strong>4-5 noiembrie 2025<\/strong><\/td><\/tr><tr><td>Afi\u0219area rezultatelor<\/td><td><strong>5 noiembrie 2025<\/strong><\/td><\/tr><tr><td>Depunerea de contesta\u021bii<\/td><td><strong>5-6<\/strong> <strong>noiembrie 2025<\/strong> (timp de 24 de ore de la afi\u0219area rezultatelor)<\/td><\/tr><tr><td>Solu\u021bionarea contesta\u021biilor \u0219i afi\u0219area rezultatelor finale<\/td><td><strong>7<\/strong> <strong>noiembrie 2025<\/strong><\/td><\/tr><\/tbody><\/table><\/figure>\n\n\n\n<ul class=\"wp-block-list\">\n<li>Studen\u021bii premian\u021bi vor depune \u00een sala 127 (cu programare ob\u021binut\u0103 pe email la <a href=\"mailto:gabriela.simon@ubbcluj.ro\">gabriela.simon@ubbcluj.ro<\/a>) copie CI, extras de cont emis de banc\u0103 (sau prin internet banking)<\/li>\n<\/ul>\n","protected":false},"excerpt":{"rendered":"<p>Derularea competi\u021biei profesionale pentru studen\u021bii de la Facultatea de Chimie \u0219i Inginerie Chimic\u0103 Depunerea documentelor pentru \u00eenscriere la competi\u021bia profesional\u0103:Electronic (\u00een intervalul mai sus men\u021bionat) la adresa gabriela.simon@ubbcluj.roFizic \u00een sala 127 (conform program\u0103rii f\u0103cute pe email la trimiterea dosarului electronic) 6-17 octombrie 2025 Sus\u021binerea proiectului (conform program\u0103rii publicate dup\u0103 depunerea tuturor dosarelor de concurs) 4-5&#8230;<\/p>\n<p class=\"more-link-wrap\"><a href=\"https:\/\/dezvoltaredurabila.granturi.ubbcluj.ro\/?page_id=153\" class=\"more-link\">Read More<span class=\"screen-reader-text\"> &ldquo;Chimie \u0219i Inginerie chimic\u0103 &#8211; Competi\u021bie profesional\u0103 (premiere)&rdquo;<\/span> &raquo;<\/a><\/p>\n","protected":false},"author":1,"featured_media":0,"parent":0,"menu_order":0,"comment_status":"closed","ping_status":"closed","template":"","meta":{"_themeisle_gutenberg_block_has_review":false,"footnotes":""},"class_list":["post-153","page","type-page","status-publish","hentry"],"_links":{"self":[{"href":"https:\/\/dezvoltaredurabila.granturi.ubbcluj.ro\/index.php?rest_route=\/wp\/v2\/pages\/153","targetHints":{"allow":["GET"]}}],"collection":[{"href":"https:\/\/dezvoltaredurabila.granturi.ubbcluj.ro\/index.php?rest_route=\/wp\/v2\/pages"}],"about":[{"href":"https:\/\/dezvoltaredurabila.granturi.ubbcluj.ro\/index.php?rest_route=\/wp\/v2\/types\/page"}],"author":[{"embeddable":true,"href":"https:\/\/dezvoltaredurabila.granturi.ubbcluj.ro\/index.php?rest_route=\/wp\/v2\/users\/1"}],"replies":[{"embeddable":true,"href":"https:\/\/dezvoltaredurabila.granturi.ubbcluj.ro\/index.php?rest_route=%2Fwp%2Fv2%2Fcomments&post=153"}],"version-history":[{"count":2,"href":"https:\/\/dezvoltaredurabila.granturi.ubbcluj.ro\/index.php?rest_route=\/wp\/v2\/pages\/153\/revisions"}],"predecessor-version":[{"id":163,"href":"https:\/\/dezvoltaredurabila.granturi.ubbcluj.ro\/index.php?rest_route=\/wp\/v2\/pages\/153\/revisions\/163"}],"wp:attachment":[{"href":"https:\/\/dezvoltaredurabila.granturi.ubbcluj.ro\/index.php?rest_route=%2Fwp%2Fv2%2Fmedia&parent=153"}],"curies":[{"name":"wp","href":"https:\/\/api.w.org\/{rel}","templated":true}]}}