{"id":151,"date":"2025-09-28T17:50:26","date_gmt":"2025-09-28T17:50:26","guid":{"rendered":"https:\/\/dezvoltaredurabila.granturi.ubbcluj.ro\/?page_id=151"},"modified":"2025-09-28T18:05:32","modified_gmt":"2025-09-28T18:05:32","slug":"biologie-si-geologie-competitie-profesionala-premiere","status":"publish","type":"page","link":"https:\/\/dezvoltaredurabila.granturi.ubbcluj.ro\/?page_id=151","title":{"rendered":"Biologie \u0219i Geologie &#8211; Competi\u021bie profesional\u0103 (premiere)"},"content":{"rendered":"\n<p>Dragi studen\u021bi, cei care a\u021bi finalizat stagiile de practic\u0103 \u00een iulie 2025, ave\u021bi \u0219ansa s\u0103 v\u0103 \u00eenscrie\u021bi la Competi\u021bia profesional\u0103 \u201eProiecte de practic\u0103\u201d, unde pute\u021bi c\u00e2\u0219tiga premii de 2.500 lei (impozabili). Sunt disponibile 40 de premii!\u00a0\u00a0 Avem 40 de premii de oferit.<\/p>\n\n\n\n<p>Astfel, pe l\u00e2ng\u0103 diploma de finalizare a stagiului de practic\u0103 \u00een proiect ave\u021bi ocazia de a pune \u00een CV \u0219i un premiu.<\/p>\n\n\n\n<h2 class=\"wp-block-heading\">\ud83d\udcc5 Calendarul competi\u021biei pentru studen\u021bii FBG<\/h2>\n\n\n\n<p><strong>29 septembrie \u2013 6 octombrie <\/strong>\u2013 <strong>\u00eenscriere <\/strong>&#8211; orar 8-16<\/p>\n\n\n\n<p><strong>8-9 octombrie <\/strong>sus\u021binerea prezent\u0103rilor (sala\/ ora TBA)<\/p>\n\n\n\n<p><strong>10 octombrie <\/strong>afi\u0219area rezultatelor p\u00e2n\u0103 ora 18.00<\/p>\n\n\n\n<p><strong>13 octombrie <\/strong>p\u00e2n\u0103 la ora 16.00 depunerea contesta\u021biilor<\/p>\n\n\n\n<p><strong>14 octombrie <\/strong>rezolvarea contesta\u021biilor \u0219i afi\u0219area rezultatelor finale p\u00e2n\u0103 ora 18.00<\/p>\n\n\n\n<p>Comisia de evaluare<\/p>\n\n\n\n<p>Membru 1: Expert de practic\u0103 Conf. habil. dr. Zolt\u00e1n L\u00e1szl\u00f3 Membru 2: Expert de practic\u0103 Conf. dr. Dorina Podar Membru 3: Expert de practic\u0103 \u0218ef lucr. dr. L\u00f3r\u00e1nd Silye<\/p>\n\n\n\n<p>Membru 4: Expert grup \u021bint\u0103 Francesca Sab\u0103u<\/p>\n\n\n\n<p>Membru 5: Responsabil practic\u0103 Conf. dr. Gy\u00f6ngyi Sz\u00e9kely<\/p>\n\n\n\n<h2 class=\"wp-block-heading\">\ud83d\udcdd Modalitatea de \u00eenscriere a studen\u021bilor la competi\u021bia profesional\u0103<\/h2>\n\n\n\n<h3 class=\"wp-block-heading\">\u00censcrierea se face la secretariatul facult\u0103\u021bii la Andreea Oachi\u0219 <a href=\"mailto:(andreea.oachis@ubbcluj.ro\">(andreea.oachis@ubbcluj.ro)<\/a><\/h3>\n\n\n\n<ol class=\"wp-block-list\" type=\"a\">\n<li>Fi\u0219\u0103 de \u00eenscriere (Anexa 1)<\/li>\n\n\n\n<li>Rezumatul proiectului de practic\u0103 \u00een limba rom\u00e2n\u0103 maxim 150 cuvinte. Rezumatul proiectului de practic\u0103 va con\u021bine at\u00e2t titlul proiectului, numele \u0219i prenumele studentului, c\u00e2t \u0219i numele \u0219i prenumele coordonatorilor.<\/li>\n\n\n\n<li>Proiectul de practic\u0103 \u00een form\u0103 complet\u0103\/final\u0103 (minim 3 pagini).<\/li>\n<\/ol>\n\n\n\n<h3 class=\"wp-block-heading\">Proiectul de practic\u0103<\/h3>\n\n\n\n<p>Proiectul de practic\u0103 depus pentru competi\u021bia profesional\u0103 va avea o tematic\u0103 stabilit\u0103 \u00eempreun\u0103 cu responsabilul \u0219i tutorele de practic\u0103, \u00een func\u021bie de loca\u021bia unde studentul a efectuat stagiul de practic\u0103. Acesta va fi elaborat <strong>\u00een limba rom\u00e2n\u0103<\/strong>, trebuie sa aib\u0103 <strong>minim 3 pagini <\/strong>\u0219i s\u0103 con\u021bin\u0103, urm\u0103toarele capitole:<\/p>\n\n\n\n<ol class=\"wp-block-list\">\n<li>Introducere \u00een tematica proiectului<\/li>\n<\/ol>\n\n\n\n<ul class=\"wp-block-list\">\n<li><span style=\"font-size: 1.0625rem;\">Motivarea alegerii subiectului respectiv<\/span><\/li>\n<\/ul>\n\n\n\n<ul class=\"wp-block-list\">\n<li><span style=\"font-size: 1.0625rem;\">Leg\u0103tura subiectului cu specializarea urmat\u0103 de c\u0103tre student<\/span><\/li>\n<\/ul>\n\n\n\n<ul class=\"wp-block-list\">\n<li><span style=\"font-size: 1.0625rem;\">Prezentarea general\u0103 a subiectului<\/span><\/li>\n<\/ul>\n\n\n\n<ul class=\"wp-block-list\">\n<li><span style=\"font-size: 1.0625rem;\">Importan\u021ba\/relevan\u021ba subiectului<\/span><\/li>\n<\/ul>\n\n\n\n<ul class=\"wp-block-list\">\n<li><span style=\"font-size: 1.0625rem;\">Prezentare general\u0103 a partenerului la care studentul a desf\u0103\u0219urat stagiul de practic\u0103<\/span><\/li>\n<\/ul>\n\n\n\n<p>2. <span style=\"font-size: 1.0625rem;\">Descrierea activit\u0103\u021bii desf\u0103\u0219urate pe durata stagiului de practic\u0103 cu prezentarea \u00een detaliu a unei activit\u0103\u021bi \u00een care studentul a avut cea mai mare implicare \u00een func\u021bie de specificul fiec\u0103rei specializ\u0103ri (spre exemplu: metode, metodologie, procedur\u0103 de lucru, tehnologie, aparat\/echipament, utilaj)<\/span><\/p>\n\n\n\n<p>3. <span style=\"font-size: 1.0625rem;\">Concluzii \u0219i perspective<\/span><\/p>\n\n\n\n<p>4. Bibliografie (capitol op\u021bional)<\/p>\n\n\n\n<p><strong>Durata prezent\u0103rii <\/strong>\u2013 <strong>max. 15 min<\/strong>, urmat\u0103 de o sesiune de <strong>\u00eentreb\u0103ri<\/strong>, cu durata de circa <strong>5 minute<\/strong>.<\/p>\n\n\n\n<h3 class=\"wp-block-heading\">Criterii de evaluare \u00een vederea acord\u0103rii de premii<\/h3>\n\n\n\n<ol class=\"wp-block-list\">\n<li>Proiectul de practic\u0103:<\/li>\n<\/ol>\n\n\n\n<ul class=\"wp-block-list\">\n<li><span style=\"font-size: revert;\">con\u021binutul proiectului de practic\u0103: cu o pondere de 30% din nota final\u0103<\/span><\/li>\n<\/ul>\n\n\n\n<ul class=\"wp-block-list\">\n<li>prezentarea proiectului de practic\u0103 \u00een cadrul conferin\u021bei organizate \u00een cadrul prezentului proiect: cu o pondere de 40% din nota final\u0103<\/li>\n<\/ul>\n\n\n\n<p>2. Nota ob\u021binut\u0103 de student la finalul stagiului de practic\u0103: cu o pondere de 30 % din nota final\u0103 (pe baza raportului de evaluare a studentului elaborat de c\u0103tre responsabilul de practic\u0103)<\/p>\n\n\n\n<p>3. Criteriu de departajare: nota acordat\u0103 con\u021binutului proiectului de practic\u0103.<\/p>\n\n\n\n<p><strong>Succes!<\/strong><\/p>\n","protected":false},"excerpt":{"rendered":"<p>Dragi studen\u021bi, cei care a\u021bi finalizat stagiile de practic\u0103 \u00een iulie 2025, ave\u021bi \u0219ansa s\u0103 v\u0103 \u00eenscrie\u021bi la Competi\u021bia profesional\u0103 \u201eProiecte de practic\u0103\u201d, unde pute\u021bi c\u00e2\u0219tiga premii de 2.500 lei (impozabili). Sunt disponibile 40 de premii!\u00a0\u00a0 Avem 40 de premii de oferit. Astfel, pe l\u00e2ng\u0103 diploma de finalizare a stagiului de practic\u0103 \u00een proiect ave\u021bi&#8230;<\/p>\n<p class=\"more-link-wrap\"><a href=\"https:\/\/dezvoltaredurabila.granturi.ubbcluj.ro\/?page_id=151\" class=\"more-link\">Read More<span class=\"screen-reader-text\"> &ldquo;Biologie \u0219i Geologie &#8211; Competi\u021bie profesional\u0103 (premiere)&rdquo;<\/span> &raquo;<\/a><\/p>\n","protected":false},"author":1,"featured_media":0,"parent":0,"menu_order":0,"comment_status":"closed","ping_status":"closed","template":"","meta":{"_themeisle_gutenberg_block_has_review":false,"footnotes":""},"class_list":["post-151","page","type-page","status-publish","hentry"],"_links":{"self":[{"href":"https:\/\/dezvoltaredurabila.granturi.ubbcluj.ro\/index.php?rest_route=\/wp\/v2\/pages\/151","targetHints":{"allow":["GET"]}}],"collection":[{"href":"https:\/\/dezvoltaredurabila.granturi.ubbcluj.ro\/index.php?rest_route=\/wp\/v2\/pages"}],"about":[{"href":"https:\/\/dezvoltaredurabila.granturi.ubbcluj.ro\/index.php?rest_route=\/wp\/v2\/types\/page"}],"author":[{"embeddable":true,"href":"https:\/\/dezvoltaredurabila.granturi.ubbcluj.ro\/index.php?rest_route=\/wp\/v2\/users\/1"}],"replies":[{"embeddable":true,"href":"https:\/\/dezvoltaredurabila.granturi.ubbcluj.ro\/index.php?rest_route=%2Fwp%2Fv2%2Fcomments&post=151"}],"version-history":[{"count":2,"href":"https:\/\/dezvoltaredurabila.granturi.ubbcluj.ro\/index.php?rest_route=\/wp\/v2\/pages\/151\/revisions"}],"predecessor-version":[{"id":165,"href":"https:\/\/dezvoltaredurabila.granturi.ubbcluj.ro\/index.php?rest_route=\/wp\/v2\/pages\/151\/revisions\/165"}],"wp:attachment":[{"href":"https:\/\/dezvoltaredurabila.granturi.ubbcluj.ro\/index.php?rest_route=%2Fwp%2Fv2%2Fmedia&parent=151"}],"curies":[{"name":"wp","href":"https:\/\/api.w.org\/{rel}","templated":true}]}}