{"id":13,"date":"2025-05-05T14:06:31","date_gmt":"2025-05-05T14:06:31","guid":{"rendered":"https:\/\/dezvoltaredurabila.granturi.ubbcluj.ro\/?page_id=13"},"modified":"2026-05-13T09:50:04","modified_gmt":"2026-05-13T09:50:04","slug":"conferinta-dezvoltare-durabila","status":"publish","type":"page","link":"https:\/\/dezvoltaredurabila.granturi.ubbcluj.ro\/?page_id=13","title":{"rendered":"Curs de dezvoltare durabil\u0103"},"content":{"rendered":"\n<p>Proiectul&nbsp;<strong>PEO GreenSeed<\/strong>&nbsp;te invit\u0103 s\u0103 participi la&nbsp;<strong>ateliere&nbsp;de dezvoltare durabil\u0103<\/strong>&nbsp;\u2013 o experien\u021b\u0103 interactiv\u0103 dedicat\u0103 studen\u021bilor care vor s\u0103 \u00een\u021beleag\u0103 provoc\u0103rile actuale ale mediului \u0219i s\u0103 descopere solu\u021bii inovatoare pentru un viitor sustenabil.<\/p>\n\n\n\n<p>\ud83d\udca1&nbsp;Ce \u00ee\u021bi oferim?<\/p>\n\n\n\n<ul class=\"wp-block-list\">\n<li>Activit\u0103\u021bi \u0219i sesiuni interactive dedicate dezvolt\u0103rii durabile, sustenabilit\u0103\u021bii \u0219i protec\u021biei mediului.<\/li>\n\n\n\n<li>Vei participa la \u00eent\u00e2lniri fizice \u0219i\/sau online \u00een cadrul c\u0103rora vei explora teme actuale precum:<\/li>\n<\/ul>\n\n\n\n<p>\u267b\ufe0f&nbsp;economie circular\u0103 \u0219i dezvoltare teritorial\u0103<\/p>\n\n\n\n<p>\ud83c\udf26\ufe0f&nbsp;schimb\u0103ri climatice \u0219i&nbsp;protec\u021bia mediului<\/p>\n\n\n\n<p>\ud83c\udf31&nbsp;biodiversitate, ap\u0103, aer \u0219i sol<\/p>\n\n\n\n<p>\ud83e\uddea material, tehnici&nbsp;innovative, chimie \u0219i inginerie chimic\u0103 verde<\/p>\n\n\n\n<p>\u26a1 &nbsp;forme de energie sustenabil\u0103<\/p>\n\n\n\n<p><strong>\ud83c\udfc6&nbsp;Participan\u021bii care acumuleaz\u0103 minimum 1 prezen\u021b\u0103 la fiecare din cele 4 Module de dezvoltare durabil\u0103 vor avea \u0219ansa de a participa la un concurs cu premii atractive!<\/strong><\/p>\n\n\n\n<p>\u27a1\ufe0f&nbsp;30 premii \u00d7 2500 lei\/premiu (impozabili)<\/p>\n\n\n\n<p>\ud83d\udc65&nbsp;<strong>70 de locuri<\/strong>, organizate \u00een 2 serii.<\/p>\n\n\n\n<p>\u2705&nbsp;Cine poate participa?<\/p>\n\n\n\n<p>\u2022 Studen\u021bii care fac parte din grupul \u021bint\u0103 al proiectului<\/p>\n\n\n\n<p>\u2022 Studen\u021bii care nu sunt \u00een an terminal de finalizare a studiilor<\/p>\n\n\n\n<p>\ud83d\udccd&nbsp;Cum te \u00eenscrii?<\/p>\n\n\n\n<p>\u2022 Completeaz\u0103 formularul online:&nbsp;<a href=\"https:\/\/forms.cloud.microsoft\/e\/7TzH1EHSXL\" target=\"_blank\" rel=\"noreferrer noopener\">\u00censcriere ateliere Dezvoltare durabil\u0103_2026_GreenSeed PEO311826 \u2013 Fill out form<\/a><\/p>\n\n\n\n<p>\u2022 Selec\u021bia se realizeaz\u0103 pe baza motiva\u021biei descrise \u00een cadrul formularului de \u00eenscriere<\/p>\n\n\n\n<p>Perioada de \u00eenscriere:&nbsp;<strong>14 mai 2026 ora:&nbsp;08.00 \u2013 17 mai 2026, ora 23.45<\/strong>&nbsp;(sau pana la ocuparea celor 70 de locuri disponibile)<\/p>\n\n\n\n<p>\u2728&nbsp;Nu rata aceast\u0103 oportunitate de a \u00eenv\u0103\u021ba, de a colabora \u0219i de a face parte din schimbare!<\/p>\n\n\n\n<p>Locurile sunt limitate!<\/p>\n\n\n\n<hr class=\"wp-block-separator has-alpha-channel-opacity\"\/>\n\n\n\n<p>A PEO GreenSeed projekt keret\u00e9ben r\u00e9szt vehetsz a fenntarthat\u00f3 fejl\u0151d\u00e9s m\u0171helyfoglalkoz\u00e1sokon \u2013 egy interakt\u00edv \u00e9lm\u00e9ny, amelyet azoknak a hallgat\u00f3knak sz\u00e1nunk, akik szeretn\u00e9k jobban meg\u00e9rteni a k\u00f6rnyezeti kih\u00edv\u00e1sokat \u00e9s innovat\u00edv megold\u00e1sokat keresnek egy fenntarthat\u00f3 j\u00f6v\u0151\u00e9rt.<\/p>\n\n\n\n<p>\ud83d\udca1\u00a0<strong>Mit k\u00edn\u00e1lunk?<\/strong>\u00a0<\/p>\n\n\n\n<p>\u2022 Fenntarthat\u00f3 fejl\u0151d\u00e9sre, k\u00f6rnyezetv\u00e9delemre \u00e9s fenntarthat\u00f3s\u00e1gra f\u00f3kusz\u00e1l\u00f3 interakt\u00edv tev\u00e9kenys\u00e9gek \u00e9s foglalkoz\u00e1sok. <\/p>\n\n\n\n<p>\u2022 Szem\u00e9lyes \u00e9s\/vagy online tal\u00e1lkoz\u00f3kon vehetsz r\u00e9szt, ahol olyan aktu\u00e1lis t\u00e9m\u00e1kat j\u00e1runk k\u00f6rbe, mint:\u00a0\u267b\ufe0f k\u00f6rk\u00f6r\u00f6s gazdas\u00e1g \u00e9s ter\u00fcleti fejleszt\u00e9s\u00a0<\/p>\n\n\n\n<p>\ud83c\udf26\ufe0f \u00e9ghajlatv\u00e1ltoz\u00e1s \u00e9s k\u00f6rnyezetv\u00e9delem\u00a0<\/p>\n\n\n\n<p>\ud83c\udf31\u00a0biodiverzit\u00e1s, v\u00edz, leveg\u0151 \u00e9s talaj\u00a0<\/p>\n\n\n\n<p>\ud83e\uddea\u00a0anyagok, innovat\u00edv technik\u00e1k, z\u00f6ld k\u00e9mia \u00e9s vegy\u00e9szm\u00e9rn\u00f6ki megold\u00e1sok\u00a0<\/p>\n\n\n\n<p>\u26a1\u00a0fenntarthat\u00f3 energiaforr\u00e1sok<\/p>\n\n\n\n<p>\ud83c\udfc6\u00a0Azok a r\u00e9sztvev\u0151k, akik a 4 fenntarthat\u00f3 fejl\u0151d\u00e9si modulb\u00f3l legal\u00e1bb 1-et teljes\u00edtenek, es\u00e9lyt kapnak egy vonz\u00f3 d\u00edjakkal j\u00e1r\u00f3 versenyen val\u00f3 r\u00e9szv\u00e9telre!\u00a0<\/p>\n\n\n\n<p>\u27a1\ufe0f\u00a0<strong>30 d\u00edj \u00d7 2500 lej\/d\u00edj (ad\u00f3zott)<\/strong>\u00a0\ud83d\udc65\u00a0<strong>70 hely<\/strong>, 2 sorozatban megszervezve.<\/p>\n\n\n\n<p>\u2705&nbsp;<strong>Kik vehetnek r\u00e9szt?<\/strong>&nbsp;\u2022 A projekt c\u00e9lcsoportj\u00e1ba tartoz\u00f3 hallgat\u00f3k \u2022 Olyan di\u00e1kok, akik nem v\u00e9gz\u0151s \u00e9vfolyamon tanulnak<\/p>\n\n\n\n<p>\ud83d\udccd&nbsp;<strong>Hogyan jelentkezhetsz?<\/strong>&nbsp;\u2022 T\u00f6ltsd ki az online \u0171rlapot:&nbsp;<em>\u00censcriere ateliere Dezvoltare durabil\u0103_2026_GreenSeed PEO311826 \u2013 Fill out form<\/em>&nbsp;\u2022 A kiv\u00e1laszt\u00e1s a jelentkez\u00e9si \u0171rlapban megadott motiv\u00e1ci\u00f3 alapj\u00e1n t\u00f6rt\u00e9nik<\/p>\n\n\n\n<p><strong>Jelentkez\u00e9si id\u0151szak:<\/strong>&nbsp;2026. m\u00e1jus 14., 08:00 \u2013 2026. m\u00e1jus 17., 23:45 (vagy am\u00edg a 70 hely be nem telik)<\/p>\n\n\n\n<p><\/p>\n","protected":false},"excerpt":{"rendered":"<p>Proiectul&nbsp;PEO GreenSeed&nbsp;te invit\u0103 s\u0103 participi la&nbsp;ateliere&nbsp;de dezvoltare durabil\u0103&nbsp;\u2013 o experien\u021b\u0103 interactiv\u0103 dedicat\u0103 studen\u021bilor care vor s\u0103 \u00een\u021beleag\u0103 provoc\u0103rile actuale ale mediului \u0219i s\u0103 descopere solu\u021bii inovatoare pentru un viitor sustenabil. \ud83d\udca1&nbsp;Ce \u00ee\u021bi oferim? \u267b\ufe0f&nbsp;economie circular\u0103 \u0219i dezvoltare teritorial\u0103 \ud83c\udf26\ufe0f&nbsp;schimb\u0103ri climatice \u0219i&nbsp;protec\u021bia mediului \ud83c\udf31&nbsp;biodiversitate, ap\u0103, aer \u0219i sol \ud83e\uddea material, tehnici&nbsp;innovative, chimie \u0219i inginerie chimic\u0103 verde&#8230;<\/p>\n<p class=\"more-link-wrap\"><a href=\"https:\/\/dezvoltaredurabila.granturi.ubbcluj.ro\/?page_id=13\" class=\"more-link\">Read More<span class=\"screen-reader-text\"> &ldquo;Curs de dezvoltare durabil\u0103&rdquo;<\/span> &raquo;<\/a><\/p>\n","protected":false},"author":1,"featured_media":0,"parent":0,"menu_order":0,"comment_status":"closed","ping_status":"closed","template":"","meta":{"_themeisle_gutenberg_block_has_review":false,"footnotes":""},"class_list":["post-13","page","type-page","status-publish","hentry"],"_links":{"self":[{"href":"https:\/\/dezvoltaredurabila.granturi.ubbcluj.ro\/index.php?rest_route=\/wp\/v2\/pages\/13","targetHints":{"allow":["GET"]}}],"collection":[{"href":"https:\/\/dezvoltaredurabila.granturi.ubbcluj.ro\/index.php?rest_route=\/wp\/v2\/pages"}],"about":[{"href":"https:\/\/dezvoltaredurabila.granturi.ubbcluj.ro\/index.php?rest_route=\/wp\/v2\/types\/page"}],"author":[{"embeddable":true,"href":"https:\/\/dezvoltaredurabila.granturi.ubbcluj.ro\/index.php?rest_route=\/wp\/v2\/users\/1"}],"replies":[{"embeddable":true,"href":"https:\/\/dezvoltaredurabila.granturi.ubbcluj.ro\/index.php?rest_route=%2Fwp%2Fv2%2Fcomments&post=13"}],"version-history":[{"count":6,"href":"https:\/\/dezvoltaredurabila.granturi.ubbcluj.ro\/index.php?rest_route=\/wp\/v2\/pages\/13\/revisions"}],"predecessor-version":[{"id":274,"href":"https:\/\/dezvoltaredurabila.granturi.ubbcluj.ro\/index.php?rest_route=\/wp\/v2\/pages\/13\/revisions\/274"}],"wp:attachment":[{"href":"https:\/\/dezvoltaredurabila.granturi.ubbcluj.ro\/index.php?rest_route=%2Fwp%2Fv2%2Fmedia&parent=13"}],"curies":[{"name":"wp","href":"https:\/\/api.w.org\/{rel}","templated":true}]}}