{"id":113,"date":"2025-05-23T16:15:56","date_gmt":"2025-05-23T16:15:56","guid":{"rendered":"https:\/\/dezvoltaredurabila.granturi.ubbcluj.ro\/?page_id=113"},"modified":"2025-05-23T16:28:16","modified_gmt":"2025-05-23T16:28:16","slug":"home-3","status":"publish","type":"page","link":"https:\/\/dezvoltaredurabila.granturi.ubbcluj.ro\/","title":{"rendered":"Home"},"content":{"rendered":"\n<div class=\"wp-block-columns container is-layout-flex wp-container-core-columns-is-layout-9d6595d7 wp-block-columns-is-layout-flex\">\n<div class=\"wp-block-column col-md-6 col-md-offset1 is-layout-flow wp-block-column-is-layout-flow\">\n<p>Proiectul se desf\u0103\u0219oar\u0103 \u00een perioada 1 decembrie 2024 \u2013 30 noiembrie 2026 \u0219i se adreseaz\u0103 unui num\u0103r de 500 de studen\u021bi de la facult\u0103\u021bile de mai sus. Obiectivul general al proiectului const\u0103 \u00een cre\u0219terea relevan\u021bei pe pia\u021ba muncii a studen\u021bilor de la Facultatea de Chimie \u0219i Inginerie Chimic\u0103, Facultatea de Fizic\u0103, Facultatea de Biologie \u0219i Geologie \u0219i Facultatea de Geografie, precum \u0219i promovarea dezvolt\u0103rii programelor de studii ter\u021biare de \u00eenalt\u0103 calitate, flexibile \u0219i corelate cu cerin\u021bele pie\u021bei muncii. Grupul \u021bint\u0103 este format din 500 studen\u021bi \u00eenmatricula\u021bi \u00eentr-un program de nivel ISCED 6-7 la una dintre facult\u0103\u021bile vizate. Condi\u021biile minime de eligibilitate sunt cele prev\u0103zute \u00een Ghidul Solicitantului Condi\u021bii Specifice: au v\u00e2rsta cuprins\u0103 \u00eentre 18-35 de ani la data particip\u0103rii pentru prima data la activit\u0103\u021bi \u0219i au domiciliul \u00eentr-una dintre regiunile mai pu\u021bin dezvoltate.<\/p>\n<\/div>\n<\/div>\n\n\n\n<p>Pe l\u00e2ng\u0103 activit\u0103\u021bile de consiliere \u00een carier\u0103 \u0219i organizarea de stagii de practic\u0103 \u00een \u021bar\u0103, \u00een cadrul proiectului se vor derula dou\u0103 activit\u0103\u021bi de formare care \u021bintesc dob\u00e2ndirea de competen\u021be transversale de c\u0103tre studen\u021bi \u00een domeniul dezvolt\u0103rii durabile respectiv \u00een domeniul antreprenorial pentru afaceri sustenabile. \u00cen cadrul proiectului se va continua dezvoltarea laboratorului STEM al UBB, care va deservi studen\u021bii celor patru facult\u0103\u021bi, laboratorul servind \u0219i ca un hub de training unde angajatorii pot s\u0103 desf\u0103\u0219oare ateliere specifice pentru studen\u021bii interesa\u021bi.<br>\u00cen cadrul proiectului se vor lansa mai multe competi\u021bii cu premii \u0219i se va elabora o\u00a0<em>Analiz\u0103 de nevoi<\/em>\u00a0privind preg\u0103tirea profesional\u0103 practic\u0103 a studen\u021bilor de nivel licen\u021b\u0103\/masterat.<\/p>\n\n\n\n<p><strong>Rezultatele proiectului<\/strong>:<\/p>\n\n\n\n<ul class=\"wp-block-list\">\n<li>R1.1: num\u0103r de studen\u021bi participan\u021bi: 60 studen\u021bi; num\u0103r de competi\u021bii desf\u0103\u0219urate: 2 competi\u021bii; num\u0103r de premii acordate: 30 de premii;<\/li>\n\n\n\n<li>R1.2: num\u0103r de studen\u021bi participan\u021bi: 60 studen\u021bi; num\u0103r de competi\u021bii desf\u0103\u0219urate: 2 competi\u021bii; num\u0103r de premii acordate: 30 premii;<\/li>\n\n\n\n<li>R2.1: num\u0103r de stagii de practic\u0103 finalizate cu succes: 500; num\u0103r de studen\u021bi care au finalizat cu succes programul de stagii de practica: 500; Rata de participare a studen\u021bilor la stagii de practic\u0103, din cadrul parteneriatelor nou \u00eenfiin\u021bate\/dezvoltate care s\u0103 faciliteze inser\u021bia pe pia\u021ba muncii a absolven\u021bilor de studii ter\u021biare: 100%; Num\u0103r de parteneriate sustenabile nou \u00eenfiin\u021bate\/dezvoltate intre universitate \u0219i sectorul privat si actori din domeniul cercet\u0103rii si inov\u0103rii, inclusiv \u00een vederea organiz\u0103rii de stagii de practic\u0103: 8 parteneriate. Num\u0103r de premii oferite studen\u021bilor in cadrul concursurilor\/competi\u021biilor profesionale organizate: 250 premii. Num\u0103r \u00eent\u00e2lniri organizate cu reprezentan\u021bi ai mediului de afaceri din domeniul de interes al proiectului: 16 \u00eent\u00e2lniri. Num\u0103r evenimente de prezentare a partenerilor din mediul de afaceri organizate pentru grupului \u021bint\u0103 \u00een vederea cre\u0219terii interac\u021biunii dintre mediul de afaceri si mediul universitar \u0219i \u00een vederea cre\u0219terii gradului de familiarizare a studen\u021bilor cu mediul de afaceri pentru cre\u0219terea ocup\u0103rii: 8 evenimente;<\/li>\n\n\n\n<li>R2.2: num\u0103r de sesiuni de consiliere organizate: 1000. Num\u0103r de studen\u021bi participan\u021bi: 500;<\/li>\n\n\n\n<li>R2.3: 1 laborator dotat cu aparatur\u0103 specific\u0103 pentru obiective de dezvoltare durabil\u0103 \u00een STEM; 12 \u00eent\u00e2lniri cu angajatori organizate pentru studen\u021bii din proiect \u00een spa\u021biile laboratorului STEM. Num\u0103r de studen\u021bi participan\u021bi: 60 studen\u021bi; 1 conferin\u021b\u0103 transdiciplinar\u0103 organizat\u0103; 30 de premii acordate studen\u021bilor participan\u021bi la conferin\u021b\u0103;<\/li>\n\n\n\n<li>R3.1: num\u0103r de rapoarte privind inser\u021bia pe pia\u021ba muncii a absolven\u021bilor UBB care provin de cele 4 facult\u0103\u021bi implicate \u00een proiect: 1 raport; num\u0103r de focus group-uri organizate cu reprezentan\u021bi ai agen\u021bilor economici (angajatori) care primesc \u00een practic\u0103 studen\u021bi de la cele 4 facult\u0103\u021bi implicate \u00een proiect: 5 focus grupuri; num\u0103r de chestionare elaborate adresate angajatorilor: 1 chestionar; num\u0103r de rapoarte privind ancheta pe baza de chestionar adresat\u0103 angajatorilor care primesc \u00een practic\u0103 studen\u021bi care provin de cele 4 facult\u0103\u021bi implicate \u00een proiect: 1 raport; seturi de recomand\u0103ri privind nevoile de dezvoltare a competen\u021belor profesionale practice \u0219i teoretice, precum \u0219i a celor transversale, necesare integr\u0103rii cu succes pe pia\u021ba muncii a studen\u021bilor \u0219i absolven\u021bilor UBB: 1 set.<\/li>\n\n\n\n<li>R 4.1: Num\u0103r de rapoarte de progres depuse: 8; Num\u0103r de cereri de rambursare depuse: 8; Num\u0103r de cereri de prefinan\u021bare depuse: 2; Num\u0103r de contracte de munc\u0103 \u00eencheiate: 100; Num\u0103r de contracte de furnizare de bunuri \u0219i servicii: 5;<\/li>\n\n\n\n<li>R5.1: Num\u0103r de afi\u0219e expuse: 10 afi\u0219e (dimensiunea minim\u0103 A3); Num\u0103r de comunicate de pres\u0103: 2 comunicate; 1 site-web al proiectului;<\/li>\n<\/ul>\n","protected":false},"excerpt":{"rendered":"<p>Proiectul se desf\u0103\u0219oar\u0103 \u00een perioada 1 decembrie 2024 \u2013 30 noiembrie 2026 \u0219i se adreseaz\u0103 unui num\u0103r de 500 de studen\u021bi de la facult\u0103\u021bile de mai sus. Obiectivul general al proiectului const\u0103 \u00een cre\u0219terea relevan\u021bei pe pia\u021ba muncii a studen\u021bilor de la Facultatea de Chimie \u0219i Inginerie Chimic\u0103, Facultatea de Fizic\u0103, Facultatea de Biologie \u0219i&#8230;<\/p>\n<p class=\"more-link-wrap\"><a href=\"https:\/\/dezvoltaredurabila.granturi.ubbcluj.ro\/\" class=\"more-link\">Read More<span class=\"screen-reader-text\"> &ldquo;Home&rdquo;<\/span> &raquo;<\/a><\/p>\n","protected":false},"author":1,"featured_media":0,"parent":0,"menu_order":0,"comment_status":"closed","ping_status":"closed","template":"","meta":{"_themeisle_gutenberg_block_has_review":false,"footnotes":""},"class_list":["post-113","page","type-page","status-publish","hentry"],"_links":{"self":[{"href":"https:\/\/dezvoltaredurabila.granturi.ubbcluj.ro\/index.php?rest_route=\/wp\/v2\/pages\/113","targetHints":{"allow":["GET"]}}],"collection":[{"href":"https:\/\/dezvoltaredurabila.granturi.ubbcluj.ro\/index.php?rest_route=\/wp\/v2\/pages"}],"about":[{"href":"https:\/\/dezvoltaredurabila.granturi.ubbcluj.ro\/index.php?rest_route=\/wp\/v2\/types\/page"}],"author":[{"embeddable":true,"href":"https:\/\/dezvoltaredurabila.granturi.ubbcluj.ro\/index.php?rest_route=\/wp\/v2\/users\/1"}],"replies":[{"embeddable":true,"href":"https:\/\/dezvoltaredurabila.granturi.ubbcluj.ro\/index.php?rest_route=%2Fwp%2Fv2%2Fcomments&post=113"}],"version-history":[{"count":2,"href":"https:\/\/dezvoltaredurabila.granturi.ubbcluj.ro\/index.php?rest_route=\/wp\/v2\/pages\/113\/revisions"}],"predecessor-version":[{"id":115,"href":"https:\/\/dezvoltaredurabila.granturi.ubbcluj.ro\/index.php?rest_route=\/wp\/v2\/pages\/113\/revisions\/115"}],"wp:attachment":[{"href":"https:\/\/dezvoltaredurabila.granturi.ubbcluj.ro\/index.php?rest_route=%2Fwp%2Fv2%2Fmedia&parent=113"}],"curies":[{"name":"wp","href":"https:\/\/api.w.org\/{rel}","templated":true}]}}